{"id":6821,"date":"2024-12-05T15:04:56","date_gmt":"2024-12-05T15:04:56","guid":{"rendered":"https:\/\/peterescher.ch\/?page_id=6821"},"modified":"2024-12-06T14:12:45","modified_gmt":"2024-12-06T14:12:45","slug":"angebot","status":"publish","type":"page","link":"https:\/\/peterescher.ch\/index.php\/angebot\/","title":{"rendered":"ANGEBOT"},"content":{"rendered":"\t\t<div data-elementor-type=\"wp-page\" data-elementor-id=\"6821\" class=\"elementor elementor-6821\" data-elementor-post-type=\"page\">\n\t\t\t\t<div class=\"elementor-element elementor-element-96fcefa e-con-full e-flex e-con e-parent\" data-id=\"96fcefa\" data-element_type=\"container\" data-e-type=\"container\">\n\t\t\t\t<div class=\"elementor-element elementor-element-289e183 elementor-widget elementor-widget-image\" data-id=\"289e183\" data-element_type=\"widget\" data-e-type=\"widget\" data-widget_type=\"image.default\">\n\t\t\t\t<div class=\"elementor-widget-container\">\n\t\t\t\t\t\t\t\t\t\t\t\t\t\t\t<img fetchpriority=\"high\" decoding=\"async\" width=\"1920\" height=\"588\" src=\"https:\/\/peterescher.ch\/wp-content\/uploads\/2024\/12\/bannerescher.webp\" class=\"attachment-full size-full wp-image-6752\" alt=\"\" srcset=\"https:\/\/peterescher.ch\/wp-content\/uploads\/2024\/12\/bannerescher.webp 1920w, https:\/\/peterescher.ch\/wp-content\/uploads\/2024\/12\/bannerescher-300x92.webp 300w, https:\/\/peterescher.ch\/wp-content\/uploads\/2024\/12\/bannerescher-1024x313.webp 1024w, https:\/\/peterescher.ch\/wp-content\/uploads\/2024\/12\/bannerescher-768x235.jpg 768w, https:\/\/peterescher.ch\/wp-content\/uploads\/2024\/12\/bannerescher-1536x470.jpg 1536w\" sizes=\"(max-width: 1920px) 100vw, 1920px\" \/>\t\t\t\t\t\t\t\t\t\t\t\t\t\t\t<\/div>\n\t\t\t\t<\/div>\n\t\t\t\t<\/div>\n\t\t<div class=\"elementor-element elementor-element-220c0c5 e-flex e-con-boxed e-con e-parent\" data-id=\"220c0c5\" data-element_type=\"container\" data-e-type=\"container\">\n\t\t\t\t\t<div class=\"e-con-inner\">\n\t\t\t\t<div class=\"elementor-element elementor-element-3d84140 elementor-widget elementor-widget-spacer\" data-id=\"3d84140\" data-element_type=\"widget\" data-e-type=\"widget\" data-widget_type=\"spacer.default\">\n\t\t\t\t<div class=\"elementor-widget-container\">\n\t\t\t\t\t\t\t<div class=\"elementor-spacer\">\n\t\t\t<div class=\"elementor-spacer-inner\"><\/div>\n\t\t<\/div>\n\t\t\t\t\t\t<\/div>\n\t\t\t\t<\/div>\n\t\t\t\t\t<\/div>\n\t\t\t\t<\/div>\n\t\t<div class=\"elementor-element elementor-element-da4dba7 e-flex e-con-boxed e-con e-parent\" data-id=\"da4dba7\" data-element_type=\"container\" data-e-type=\"container\">\n\t\t\t\t\t<div class=\"e-con-inner\">\n\t\t\t\t<div class=\"elementor-element elementor-element-7340bfb elementor-widget elementor-widget-heading\" data-id=\"7340bfb\" data-element_type=\"widget\" data-e-type=\"widget\" data-widget_type=\"heading.default\">\n\t\t\t\t<div class=\"elementor-widget-container\">\n\t\t\t\t\t<h2 class=\"elementor-heading-title elementor-size-default\">GEMEINSAM FINDEN WIR DIE PASSENDE L\u00d6SUNG<\/h2>\t\t\t\t<\/div>\n\t\t\t\t<\/div>\n\t\t\t\t\t<\/div>\n\t\t\t\t<\/div>\n\t\t<div class=\"elementor-element elementor-element-a603415 e-flex e-con-boxed e-con e-parent\" data-id=\"a603415\" data-element_type=\"container\" data-e-type=\"container\">\n\t\t\t\t\t<div class=\"e-con-inner\">\n\t\t\t\t<div class=\"elementor-element elementor-element-1ac0c5e elementor-widget elementor-widget-text-editor\" data-id=\"1ac0c5e\" data-element_type=\"widget\" data-e-type=\"widget\" data-widget_type=\"text-editor.default\">\n\t\t\t\t<div class=\"elementor-widget-container\">\n\t\t\t\t\t\t\t\t\t<p>Meine Angebote sind so vielseitig wie die Menschen, mit denen ich arbeite. Egal, ob du dich beruflich oder pers\u00f6nlich weiterentwickeln m\u00f6chtest, ein Team st\u00e4rken oder deine F\u00fchrungskompetenzen ausbauen willst \u2013 ich unterst\u00fctze dich mit individuell abgestimmten Ans\u00e4tzen und fundiertem Fachwissen.<\/p><p>\u00a0<\/p><p>Nat\u00fcrlich weiss ich, dass jedes Anliegen einzigartig ist. Deshalb biete ich auch massgeschneiderte L\u00f6sungen an, die genau auf deine oder eure Bed\u00fcrfnisse zugeschnitten sind. Lass uns gemeinsam herausfinden, welches Angebot dich oder dein Team am besten voranbringt.<\/p><p>\u00a0<\/p><p>St\u00f6bere durch meine Angebote \u2013 und wenn du eine spezielle Idee oder Herausforderung hast, freue ich mich, diese mit dir zu besprechen!<\/p>\t\t\t\t\t\t\t\t<\/div>\n\t\t\t\t<\/div>\n\t\t\t\t\t<\/div>\n\t\t\t\t<\/div>\n\t\t<div class=\"elementor-element elementor-element-401d668 e-flex e-con-boxed e-con e-parent\" data-id=\"401d668\" data-element_type=\"container\" data-e-type=\"container\">\n\t\t\t\t\t<div class=\"e-con-inner\">\n\t\t\t\t<div class=\"elementor-element elementor-element-bb6c8f1 elementor-widget elementor-widget-spacer\" data-id=\"bb6c8f1\" data-element_type=\"widget\" data-e-type=\"widget\" data-widget_type=\"spacer.default\">\n\t\t\t\t<div class=\"elementor-widget-container\">\n\t\t\t\t\t\t\t<div class=\"elementor-spacer\">\n\t\t\t<div class=\"elementor-spacer-inner\"><\/div>\n\t\t<\/div>\n\t\t\t\t\t\t<\/div>\n\t\t\t\t<\/div>\n\t\t\t\t\t<\/div>\n\t\t\t\t<\/div>\n\t\t<div class=\"elementor-element elementor-element-505c998 e-grid e-con-boxed e-con e-parent\" data-id=\"505c998\" data-element_type=\"container\" data-e-type=\"container\">\n\t\t\t\t\t<div class=\"e-con-inner\">\n\t\t\t\t<div class=\"elementor-element elementor-element-676563b elementor-cta--skin-classic elementor-animated-content elementor-bg-transform elementor-bg-transform-zoom-in elementor-widget elementor-widget-call-to-action\" data-id=\"676563b\" data-element_type=\"widget\" data-e-type=\"widget\" data-widget_type=\"call-to-action.default\">\n\t\t\t\t<div class=\"elementor-widget-container\">\n\t\t\t\t\t\t\t<div class=\"elementor-cta\">\n\t\t\t\t\t<div class=\"elementor-cta__bg-wrapper\">\n\t\t\t\t<div class=\"elementor-cta__bg elementor-bg\" style=\"background-image: url(https:\/\/peterescher.ch\/wp-content\/uploads\/2023\/04\/WELT-DER-UNTERSCHIEDE-1024x737.webp);\" role=\"img\" aria-label=\"WELT DER UNTERSCHIEDE\"><\/div>\n\t\t\t\t<div class=\"elementor-cta__bg-overlay\"><\/div>\n\t\t\t<\/div>\n\t\t\t\t\t\t\t<div class=\"elementor-cta__content\">\n\t\t\t\t\n\t\t\t\t\t\t\t\t\t<h2 class=\"elementor-cta__title elementor-cta__content-item elementor-content-item\">\n\t\t\t\t\t\tDIE WELT DER UNTERSCHIEDE\t\t\t\t\t<\/h2>\n\t\t\t\t\n\t\t\t\t\t\t\t\t\t<div class=\"elementor-cta__description elementor-cta__content-item elementor-content-item\">\n\t\t\t\t\t\tDein pers\u00f6nliches MapsTell Verhaltensprofil.\t\t\t\t\t<\/div>\n\t\t\t\t\n\t\t\t\t\t\t\t\t\t<div class=\"elementor-cta__button-wrapper elementor-cta__content-item elementor-content-item \">\n\t\t\t\t\t<a class=\"elementor-cta__button elementor-button elementor-size-\" href=\"https:\/\/peterescher.ch\/index.php\/mapstell-23\/\" target=\"_blank\">\n\t\t\t\t\t\tMEHR ERFAHREN\t\t\t\t\t<\/a>\n\t\t\t\t\t<\/div>\n\t\t\t\t\t\t\t<\/div>\n\t\t\t\t\t\t<\/div>\n\t\t\t\t\t\t<\/div>\n\t\t\t\t<\/div>\n\t\t\t\t<div class=\"elementor-element elementor-element-cda4361 elementor-cta--skin-classic elementor-animated-content elementor-bg-transform elementor-bg-transform-zoom-in elementor-widget elementor-widget-call-to-action\" data-id=\"cda4361\" data-element_type=\"widget\" data-e-type=\"widget\" data-widget_type=\"call-to-action.default\">\n\t\t\t\t<div class=\"elementor-widget-container\">\n\t\t\t\t\t\t\t<div class=\"elementor-cta\">\n\t\t\t\t\t<div class=\"elementor-cta__bg-wrapper\">\n\t\t\t\t<div class=\"elementor-cta__bg elementor-bg\" style=\"background-image: url(https:\/\/peterescher.ch\/wp-content\/uploads\/2024\/12\/leiter920x600.webp);\" role=\"img\" aria-label=\"Development Attainment Motivation Career Growth Concept. Mans Hand Reaching For Red Ladder Leading To A Blue Sky\"><\/div>\n\t\t\t\t<div class=\"elementor-cta__bg-overlay\"><\/div>\n\t\t\t<\/div>\n\t\t\t\t\t\t\t<div class=\"elementor-cta__content\">\n\t\t\t\t\n\t\t\t\t\t\t\t\t\t<h2 class=\"elementor-cta__title elementor-cta__content-item elementor-content-item\">\n\t\t\t\t\t\t1:1 COACHING -\t\t\t\t\t<\/h2>\n\t\t\t\t\n\t\t\t\t\t\t\t\t\t<div class=\"elementor-cta__description elementor-cta__content-item elementor-content-item\">\n\t\t\t\t\t\tDeine individuelle Reise zu mehr Klarheit und Wachstum\t\t\t\t\t<\/div>\n\t\t\t\t\n\t\t\t\t\t\t\t\t\t<div class=\"elementor-cta__button-wrapper elementor-cta__content-item elementor-content-item \">\n\t\t\t\t\t<a class=\"elementor-cta__button elementor-button elementor-size-\" href=\"https:\/\/peterescher.ch\/index.php\/einzelcoaching\/\" target=\"_blank\">\n\t\t\t\t\t\tMEHR ERFAHREN\t\t\t\t\t<\/a>\n\t\t\t\t\t<\/div>\n\t\t\t\t\t\t\t<\/div>\n\t\t\t\t\t\t<\/div>\n\t\t\t\t\t\t<\/div>\n\t\t\t\t<\/div>\n\t\t\t\t\t<\/div>\n\t\t\t\t<\/div>\n\t\t<div class=\"elementor-element elementor-element-bb25c0e e-flex e-con-boxed e-con e-parent\" data-id=\"bb25c0e\" data-element_type=\"container\" data-e-type=\"container\">\n\t\t\t\t\t<div class=\"e-con-inner\">\n\t\t\t\t<div class=\"elementor-element elementor-element-499c58a elementor-widget elementor-widget-spacer\" data-id=\"499c58a\" data-element_type=\"widget\" data-e-type=\"widget\" data-widget_type=\"spacer.default\">\n\t\t\t\t<div class=\"elementor-widget-container\">\n\t\t\t\t\t\t\t<div class=\"elementor-spacer\">\n\t\t\t<div class=\"elementor-spacer-inner\"><\/div>\n\t\t<\/div>\n\t\t\t\t\t\t<\/div>\n\t\t\t\t<\/div>\n\t\t\t\t\t<\/div>\n\t\t\t\t<\/div>\n\t\t\t\t<\/div>\n\t\t","protected":false},"excerpt":{"rendered":"<p>GEMEINSAM FINDEN WIR DIE PASSENDE L\u00d6SUNG Meine Angebote sind so vielseitig wie die Menschen, mit denen ich arbeite. Egal, ob du dich beruflich oder pers\u00f6nlich weiterentwickeln m\u00f6chtest, ein Team st\u00e4rken oder deine F\u00fchrungskompetenzen ausbauen willst \u2013 ich unterst\u00fctze dich mit individuell abgestimmten Ans\u00e4tzen und fundiertem Fachwissen. \u00a0 Nat\u00fcrlich weiss ich, dass jedes Anliegen einzigartig ist. [&hellip;]<\/p>\n","protected":false},"author":2,"featured_media":0,"parent":0,"menu_order":0,"comment_status":"closed","ping_status":"closed","template":"elementor_header_footer","meta":{"_mo_disable_npp":"","footnotes":""},"folder":[],"class_list":["post-6821","page","type-page","status-publish","hentry"],"yoast_head":"<!-- This site is optimized with the Yoast SEO Premium plugin v22.0 (Yoast SEO v27.5) - https:\/\/yoast.com\/product\/yoast-seo-premium-wordpress\/ -->\n<title>ANGEBOT - Peter Escher<\/title>\n<meta name=\"robots\" content=\"index, follow, max-snippet:-1, max-image-preview:large, max-video-preview:-1\" \/>\n<link rel=\"canonical\" href=\"https:\/\/peterescher.ch\/index.php\/angebot\/\" \/>\n<meta property=\"og:locale\" content=\"de_DE\" \/>\n<meta property=\"og:type\" content=\"article\" \/>\n<meta property=\"og:title\" content=\"ANGEBOT\" \/>\n<meta property=\"og:description\" content=\"GEMEINSAM FINDEN WIR DIE PASSENDE L\u00d6SUNG Meine Angebote sind so vielseitig wie die Menschen, mit denen ich arbeite. Egal, ob du dich beruflich oder pers\u00f6nlich weiterentwickeln m\u00f6chtest, ein Team st\u00e4rken oder deine F\u00fchrungskompetenzen ausbauen willst \u2013 ich unterst\u00fctze dich mit individuell abgestimmten Ans\u00e4tzen und fundiertem Fachwissen. \u00a0 Nat\u00fcrlich weiss ich, dass jedes Anliegen einzigartig ist. [&hellip;]\" \/>\n<meta property=\"og:url\" content=\"https:\/\/peterescher.ch\/index.php\/angebot\/\" \/>\n<meta property=\"og:site_name\" content=\"Peter Escher\" \/>\n<meta property=\"article:modified_time\" content=\"2024-12-06T14:12:45+00:00\" \/>\n<meta property=\"og:image\" content=\"https:\/\/peterescher.ch\/wp-content\/uploads\/2024\/12\/bannerescher.webp\" \/>\n\t<meta property=\"og:image:width\" content=\"1920\" \/>\n\t<meta property=\"og:image:height\" content=\"588\" \/>\n\t<meta property=\"og:image:type\" content=\"image\/webp\" \/>\n<meta name=\"twitter:card\" content=\"summary_large_image\" \/>\n<meta name=\"twitter:label1\" content=\"Gesch\u00e4tzte Lesezeit\" \/>\n\t<meta name=\"twitter:data1\" content=\"1\u00a0Minute\" \/>\n<script type=\"application\/ld+json\" class=\"yoast-schema-graph\">{\"@context\":\"https:\\\/\\\/schema.org\",\"@graph\":[{\"@type\":\"WebPage\",\"@id\":\"https:\\\/\\\/peterescher.ch\\\/index.php\\\/angebot\\\/\",\"url\":\"https:\\\/\\\/peterescher.ch\\\/index.php\\\/angebot\\\/\",\"name\":\"ANGEBOT - Peter Escher\",\"isPartOf\":{\"@id\":\"https:\\\/\\\/peterescher.ch\\\/#website\"},\"primaryImageOfPage\":{\"@id\":\"https:\\\/\\\/peterescher.ch\\\/index.php\\\/angebot\\\/#primaryimage\"},\"image\":{\"@id\":\"https:\\\/\\\/peterescher.ch\\\/index.php\\\/angebot\\\/#primaryimage\"},\"thumbnailUrl\":\"https:\\\/\\\/peterescher.ch\\\/wp-content\\\/uploads\\\/2024\\\/12\\\/bannerescher.webp\",\"datePublished\":\"2024-12-05T15:04:56+00:00\",\"dateModified\":\"2024-12-06T14:12:45+00:00\",\"breadcrumb\":{\"@id\":\"https:\\\/\\\/peterescher.ch\\\/index.php\\\/angebot\\\/#breadcrumb\"},\"inLanguage\":\"de\",\"potentialAction\":[{\"@type\":\"ReadAction\",\"target\":[\"https:\\\/\\\/peterescher.ch\\\/index.php\\\/angebot\\\/\"]}]},{\"@type\":\"ImageObject\",\"inLanguage\":\"de\",\"@id\":\"https:\\\/\\\/peterescher.ch\\\/index.php\\\/angebot\\\/#primaryimage\",\"url\":\"https:\\\/\\\/peterescher.ch\\\/wp-content\\\/uploads\\\/2024\\\/12\\\/bannerescher.webp\",\"contentUrl\":\"https:\\\/\\\/peterescher.ch\\\/wp-content\\\/uploads\\\/2024\\\/12\\\/bannerescher.webp\",\"width\":1920,\"height\":588},{\"@type\":\"BreadcrumbList\",\"@id\":\"https:\\\/\\\/peterescher.ch\\\/index.php\\\/angebot\\\/#breadcrumb\",\"itemListElement\":[{\"@type\":\"ListItem\",\"position\":1,\"name\":\"Startseite\",\"item\":\"https:\\\/\\\/peterescher.ch\\\/\"},{\"@type\":\"ListItem\",\"position\":2,\"name\":\"ANGEBOT\"}]},{\"@type\":\"WebSite\",\"@id\":\"https:\\\/\\\/peterescher.ch\\\/#website\",\"url\":\"https:\\\/\\\/peterescher.ch\\\/\",\"name\":\"Peter Escher\",\"description\":\"\",\"publisher\":{\"@id\":\"https:\\\/\\\/peterescher.ch\\\/#\\\/schema\\\/person\\\/6de7eadc1b16ad85a1dd544763a47eda\"},\"potentialAction\":[{\"@type\":\"SearchAction\",\"target\":{\"@type\":\"EntryPoint\",\"urlTemplate\":\"https:\\\/\\\/peterescher.ch\\\/?s={search_term_string}\"},\"query-input\":{\"@type\":\"PropertyValueSpecification\",\"valueRequired\":true,\"valueName\":\"search_term_string\"}}],\"inLanguage\":\"de\"},{\"@type\":[\"Person\",\"Organization\"],\"@id\":\"https:\\\/\\\/peterescher.ch\\\/#\\\/schema\\\/person\\\/6de7eadc1b16ad85a1dd544763a47eda\",\"name\":\"Peter Escher\",\"image\":{\"@type\":\"ImageObject\",\"inLanguage\":\"de\",\"@id\":\"https:\\\/\\\/peterescher.ch\\\/wp-content\\\/uploads\\\/2022\\\/08\\\/olive_hr_Peter_Escher.webp\",\"url\":\"https:\\\/\\\/peterescher.ch\\\/wp-content\\\/uploads\\\/2022\\\/08\\\/olive_hr_Peter_Escher.webp\",\"contentUrl\":\"https:\\\/\\\/peterescher.ch\\\/wp-content\\\/uploads\\\/2022\\\/08\\\/olive_hr_Peter_Escher.webp\",\"width\":1920,\"height\":511,\"caption\":\"Peter Escher\"},\"logo\":{\"@id\":\"https:\\\/\\\/peterescher.ch\\\/wp-content\\\/uploads\\\/2022\\\/08\\\/olive_hr_Peter_Escher.webp\"},\"sameAs\":[\"https:\\\/\\\/peterescher.ch\"]}]}<\/script>\n<!-- \/ Yoast SEO Premium plugin. -->","yoast_head_json":{"title":"ANGEBOT - Peter Escher","robots":{"index":"index","follow":"follow","max-snippet":"max-snippet:-1","max-image-preview":"max-image-preview:large","max-video-preview":"max-video-preview:-1"},"canonical":"https:\/\/peterescher.ch\/index.php\/angebot\/","og_locale":"de_DE","og_type":"article","og_title":"ANGEBOT","og_description":"GEMEINSAM FINDEN WIR DIE PASSENDE L\u00d6SUNG Meine Angebote sind so vielseitig wie die Menschen, mit denen ich arbeite. Egal, ob du dich beruflich oder pers\u00f6nlich weiterentwickeln m\u00f6chtest, ein Team st\u00e4rken oder deine F\u00fchrungskompetenzen ausbauen willst \u2013 ich unterst\u00fctze dich mit individuell abgestimmten Ans\u00e4tzen und fundiertem Fachwissen. \u00a0 Nat\u00fcrlich weiss ich, dass jedes Anliegen einzigartig ist. [&hellip;]","og_url":"https:\/\/peterescher.ch\/index.php\/angebot\/","og_site_name":"Peter Escher","article_modified_time":"2024-12-06T14:12:45+00:00","og_image":[{"width":1920,"height":588,"url":"https:\/\/peterescher.ch\/wp-content\/uploads\/2024\/12\/bannerescher.webp","type":"image\/webp"}],"twitter_card":"summary_large_image","twitter_misc":{"Gesch\u00e4tzte Lesezeit":"1\u00a0Minute"},"schema":{"@context":"https:\/\/schema.org","@graph":[{"@type":"WebPage","@id":"https:\/\/peterescher.ch\/index.php\/angebot\/","url":"https:\/\/peterescher.ch\/index.php\/angebot\/","name":"ANGEBOT - Peter Escher","isPartOf":{"@id":"https:\/\/peterescher.ch\/#website"},"primaryImageOfPage":{"@id":"https:\/\/peterescher.ch\/index.php\/angebot\/#primaryimage"},"image":{"@id":"https:\/\/peterescher.ch\/index.php\/angebot\/#primaryimage"},"thumbnailUrl":"https:\/\/peterescher.ch\/wp-content\/uploads\/2024\/12\/bannerescher.webp","datePublished":"2024-12-05T15:04:56+00:00","dateModified":"2024-12-06T14:12:45+00:00","breadcrumb":{"@id":"https:\/\/peterescher.ch\/index.php\/angebot\/#breadcrumb"},"inLanguage":"de","potentialAction":[{"@type":"ReadAction","target":["https:\/\/peterescher.ch\/index.php\/angebot\/"]}]},{"@type":"ImageObject","inLanguage":"de","@id":"https:\/\/peterescher.ch\/index.php\/angebot\/#primaryimage","url":"https:\/\/peterescher.ch\/wp-content\/uploads\/2024\/12\/bannerescher.webp","contentUrl":"https:\/\/peterescher.ch\/wp-content\/uploads\/2024\/12\/bannerescher.webp","width":1920,"height":588},{"@type":"BreadcrumbList","@id":"https:\/\/peterescher.ch\/index.php\/angebot\/#breadcrumb","itemListElement":[{"@type":"ListItem","position":1,"name":"Startseite","item":"https:\/\/peterescher.ch\/"},{"@type":"ListItem","position":2,"name":"ANGEBOT"}]},{"@type":"WebSite","@id":"https:\/\/peterescher.ch\/#website","url":"https:\/\/peterescher.ch\/","name":"Peter Escher","description":"","publisher":{"@id":"https:\/\/peterescher.ch\/#\/schema\/person\/6de7eadc1b16ad85a1dd544763a47eda"},"potentialAction":[{"@type":"SearchAction","target":{"@type":"EntryPoint","urlTemplate":"https:\/\/peterescher.ch\/?s={search_term_string}"},"query-input":{"@type":"PropertyValueSpecification","valueRequired":true,"valueName":"search_term_string"}}],"inLanguage":"de"},{"@type":["Person","Organization"],"@id":"https:\/\/peterescher.ch\/#\/schema\/person\/6de7eadc1b16ad85a1dd544763a47eda","name":"Peter Escher","image":{"@type":"ImageObject","inLanguage":"de","@id":"https:\/\/peterescher.ch\/wp-content\/uploads\/2022\/08\/olive_hr_Peter_Escher.webp","url":"https:\/\/peterescher.ch\/wp-content\/uploads\/2022\/08\/olive_hr_Peter_Escher.webp","contentUrl":"https:\/\/peterescher.ch\/wp-content\/uploads\/2022\/08\/olive_hr_Peter_Escher.webp","width":1920,"height":511,"caption":"Peter Escher"},"logo":{"@id":"https:\/\/peterescher.ch\/wp-content\/uploads\/2022\/08\/olive_hr_Peter_Escher.webp"},"sameAs":["https:\/\/peterescher.ch"]}]}},"_links":{"self":[{"href":"https:\/\/peterescher.ch\/index.php\/wp-json\/wp\/v2\/pages\/6821","targetHints":{"allow":["GET"]}}],"collection":[{"href":"https:\/\/peterescher.ch\/index.php\/wp-json\/wp\/v2\/pages"}],"about":[{"href":"https:\/\/peterescher.ch\/index.php\/wp-json\/wp\/v2\/types\/page"}],"author":[{"embeddable":true,"href":"https:\/\/peterescher.ch\/index.php\/wp-json\/wp\/v2\/users\/2"}],"replies":[{"embeddable":true,"href":"https:\/\/peterescher.ch\/index.php\/wp-json\/wp\/v2\/comments?post=6821"}],"version-history":[{"count":16,"href":"https:\/\/peterescher.ch\/index.php\/wp-json\/wp\/v2\/pages\/6821\/revisions"}],"predecessor-version":[{"id":6914,"href":"https:\/\/peterescher.ch\/index.php\/wp-json\/wp\/v2\/pages\/6821\/revisions\/6914"}],"wp:attachment":[{"href":"https:\/\/peterescher.ch\/index.php\/wp-json\/wp\/v2\/media?parent=6821"}],"wp:term":[{"taxonomy":"folder","embeddable":true,"href":"https:\/\/peterescher.ch\/index.php\/wp-json\/wp\/v2\/folder?post=6821"}],"curies":[{"name":"wp","href":"https:\/\/api.w.org\/{rel}","templated":true}]}}